{"id":1135,"date":"2022-04-25T12:03:22","date_gmt":"2022-04-25T10:03:22","guid":{"rendered":"https:\/\/inunez.es\/?page_id=1135"},"modified":"2022-04-25T12:03:22","modified_gmt":"2022-04-25T10:03:22","slug":"legal-advice-and-privacy-policies","status":"publish","type":"page","link":"https:\/\/inunez.es\/en\/legal-advice-and-privacy-policies\/","title":{"rendered":"Legal Advice and Privacy Policies"},"content":{"rendered":"<h3><b>DATOS DEL SITIO WEB\u00a0<a href=\"http:\/\/www.inunez.es\/\">www.inunez.es<\/a>\u00a0Y CONDICI\u00d3N DE USUARIO<\/b><\/h3>\n<p>El presente aviso legal establece las condiciones de uso del sitio web\u00a0<a href=\"http:\/\/www.inunez.es\/\">www.inunez.es<\/a>, del que es titular INU\u00d1EZ FASHION DESIGN, S.L. (en adelante, \u201cINU\u00d1EZ\u201d), con CIF B-87115010, cuyos datos son los siguientes:<\/p>\n<blockquote><p>Domicilio: C\/ Gurtubay n\u00ba 6, semis\u00f3tano dcha., 28001-Madrid<br \/>\nTel\u00e9fono: +34 91 449 63 59<br \/>\nCorreo electr\u00f3nico\u00a0<a href=\"mailto:info@inunez.es\">info@inunez.es<br \/>\n<\/a>Inscrita en el Registro Mercantil de Madrid, al \u00a0Tomo 32722, Folio 68, Secci\u00f3n 8, Hoja M-589025, inscripci\u00f3n 1.<\/p><\/blockquote>\n<p>El acceso al sitio web atribuye la condici\u00f3n de Usuario e implica el conocimiento y la aceptaci\u00f3n plena y sin reservas por parte del Usuario, de todas y cada una de las Condiciones de Uso de la web y las Condiciones de Compra, por lo que todos los usuarios deber\u00e1n leerlas atentamente, incluso en caso de acceder y navegar por www.inunez.es, a\u00fan sin adquirir producto alguno.<\/p>\n<p>El Usuario se compromete a utilizar la p\u00e1gina web, de conformidad con la Ley 34\/2002, de 11 de Julio, de servicios de la sociedad de la informaci\u00f3n y de comercio electr\u00f3nico y dem\u00e1s legislaci\u00f3n aplicable y conforme a lo establecido en las presentes Condiciones de Uso y Condiciones de Compra publicadas en la p\u00e1gina web. El Usuario deber\u00e1 abstenerse en su utilizaci\u00f3n de cualquier acto il\u00edcito o contrario a las presentes Condiciones de Uso.<\/p>\n<p>INU\u00d1EZ ofrece los productos en venta en www.inunez.es exclusivamente a usuarios mayores de 18 a\u00f1os y dotados de la capacidad jur\u00eddica suficiente para vincularse a las presentes Condiciones de Uso y Condiciones de Compra. El Usuario acepta de forma expresa y sin excepciones que el acceso y el uso del sitio web, de sus servicios y contenidos se realiza bajo su \u00fanica y exclusiva responsabilidad. INU\u00d1EZ se reserva el derecho de no atender los pedidos realizados por usuarios que no se ajusten a lo establecido en este apartado.<\/p>\n<h3><b>PROPIEDAD INTELECTUAL E INDUSTRIAL<\/b><\/h3>\n<p>Todos los elementos gr\u00e1ficos y contenidos que forman parte del sitio web www.inunez.es y de cada uno de los productos, tales como las im\u00e1genes, las fotograf\u00edas, los textos, la m\u00fasica, los sonidos, los v\u00eddeos, los documentos, los logotipos y cualquier otro material, en cualquier formato, publicado en www.inunez.es (incluyendo los men\u00fas, las p\u00e1ginas web, el grafismo, los colores, los esquemas, las herramientas, los caracteres, el dise\u00f1o del sitio web, los diagramas, la estructura, la selecci\u00f3n, ordenaci\u00f3n y presentaci\u00f3n de los contenidos, los m\u00e9todos, los procesos, las funciones y los programas inform\u00e1ticos que forman parte de www.inunez.es) son propiedad de INU\u00d1EZ y est\u00e1n protegidos por los derechos de autor y otros derechos sobre la propiedad intelectual e industrial de INU\u00d1EZ y www.inunez.es. Del mismo modo, el sitio web tiene la consideraci\u00f3n de programa de ordenador y, como tal, est\u00e1 tambi\u00e9n protegido por la legislaci\u00f3n en materia de derechos de propiedad intelectual e industrial. La obtenci\u00f3n de la condici\u00f3n de Usuario, el acceso y navegaci\u00f3n por el sitio web o la utilizaci\u00f3n, adquisici\u00f3n y\/o contrataci\u00f3n de productos o servicios ofertados a trav\u00e9s de la misma, no implican en ning\u00fan caso una transmisi\u00f3n renuncia o cesi\u00f3n total o parcial de licencias o autorizaciones sobre los mencionados derechos de propiedad industrial e intelectual propiedad de INU\u00d1EZ.<\/p>\n<p>Asimismo est\u00e1 prohibido modificar, copiar, reutilizar, explotar, reproducir, comunicar p\u00fablicamente, hacer segundas o posteriores publicaciones, cargar archivos, enviar por correo, transmitir, usar, tratar o distribuir de cualquier forma, ni realizar cualquier otra acci\u00f3n prohibida por la normativa en materia de propiedad intelectual e industrial, sobre la totalidad o parte de los contenidos y productos incluidos en www.inu\u00f1ez.es para prop\u00f3sitos p\u00fablicos o comerciales, salvo previa autorizaci\u00f3n expresa y por escrito de INU\u00d1EZ.<\/p>\n<h3><b>FORMULARIOS DE USUARIO. PROTECCI\u00d3N DE DATOS Y POL\u00cdTICA DE PRIVACIDAD \u00a0<\/b><\/h3>\n<p>En cumplimiento de lo establecido en la Ley Org\u00e1nica 15\/1999, de Protecci\u00f3n de Datos (LOPD) y de la Ley 34\/2002 de 11 de julio, de Servicios de la Sociedad de la Informaci\u00f3n y del Comercio Electr\u00f3nico, INU\u00d1EZ informa sobre lo siguiente:<\/p>\n<ol>\n<li>Los datos personales facilitados en el Formulario de Usuario ser\u00e1n incorporados a los ficheros automatizados \u201cClientes\u201d y \u201cProspecci\u00f3n comercial\u201d, propiedad de INU\u00d1EZ, cuyas finalidades son las de gestionar los servicios ofrecidos y tramitar solicitudes de informaci\u00f3n y de compra, as\u00ed como realizar la gesti\u00f3n y el mantenimiento de nuestras relaciones con los clientes, remitir informaci\u00f3n sobre nuestros productos, v\u00eda correo electr\u00f3nico, correo postal y\/o sms, env\u00edo de publicidad y nuevas ofertas o promociones. Al rellenar el formulario el Usuario otorga de forma expresa su consentimiento para ser incluido en los mencionados ficheros para estas finalidades, incluido el env\u00edo de comunicaciones comerciales, publicidad o promociones, eventos y ofertas.<\/li>\n<li>Para la correcta tramitaci\u00f3n y prestaci\u00f3n del servicio solicitado es necesario cumplimentar todos los campos marcados como obligatorios en el formulario. La ausencia de alguno de esos datos puede derivar en la no tramitaci\u00f3n y\/o prestaci\u00f3n del servicio solicitado. El Usuario garantiza que todos los datos aportados son verdaderos, exactos, completos y actualizados, siendo responsable de cualquier da\u00f1o o perjuicio, directo o indirecto, que pudiera ocasionarse como consecuencia del incumplimiento de tal obligaci\u00f3n.<\/li>\n<li>El Usuario podr\u00e1 ejercitar en cualquier momento los derechos de acceso, rectificaci\u00f3n, oposici\u00f3n y cancelaci\u00f3n, mediante comunicaci\u00f3n dirigida a INU\u00d1EZ FASHION DESIGN S.L., C\/ Gurtubay, n\u00ba 6, Madrid 28001 (Espa\u00f1a) o en la direcci\u00f3n de correo electr\u00f3nico\u00a0<a href=\"mailto:info@inunez.es\">info@inunez.es<\/a>\u00a0(indicando en el asunto \u201cLOPD\u201d), y aportando copia de su DNI o documento equivalente. Asimismo, el Usuario podr\u00e1 revocar en cualquier momento el consentimiento prestado a la recepci\u00f3n de comunicaciones comerciales con la simple notificaci\u00f3n de su voluntad mediante el env\u00edo de un correo electr\u00f3nico\u00a0<a href=\"mailto:info@inunez.es\">info@inunez.es<\/a>.<\/li>\n<li>INU\u00d1EZ garantiza la seguridad y confidencialidad de sus datos, para lo que se han adoptado los niveles de seguridad requeridos de protecci\u00f3n de los datos personales y se han instalado los medios t\u00e9cnicos a su alcance para evitar la p\u00e9rdida, mal uso, alteraci\u00f3n, acceso no autorizado y robo de los datos personales facilitados a trav\u00e9s de esta p\u00e1gina Web. Todas las comunicaciones privadas entre INU\u00d1EZ y los usuarios ser\u00e1n consideradas como confidenciales<\/li>\n<\/ol>\n<h3><b>AVISO ACERCA DE LOS CONTENIDOS<\/b><\/h3>\n<p>INU\u00d1EZ ha adoptado todas las medidas a su alcance para evitar que en www.inunez.es se publiquen contenidos que describan o representen escenas o situaciones de violencia f\u00edsica o psicol\u00f3gica, o tales que, de acuerdo a la sensibilidad de los usuarios de www.inunez.es, puedan ser considerados da\u00f1inos para las convicciones c\u00edvicas, los derechos humanos o la dignidad de las personas en cualquiera de sus formas y expresiones.<\/p>\n<p>INU\u00d1EZ ha adoptado, adem\u00e1s, todas las precauciones \u00fatiles a fin de asegurar a sus usuarios que los contenidos de www.inu\u00f1ez.es est\u00e9n cuidados y no contengan informaci\u00f3n incorrecta o que no est\u00e9 actualizada respecto a la fecha de su publicaci\u00f3n en el sitio web (y, en la medida de lo posible, posteriormente).<\/p>\n<p>INU\u00d1EZ no se hace responsable de los da\u00f1os y perjuicios que se puedan derivar de la las posibles interrupciones o discontinuidades debidas a la necesidad de realizar las actualizaciones del sitio web, ni de los errores o funcionamientos defectuosos debidos a la conexi\u00f3n a Internet. Ante cualquier problema advertido durante el uso de www.inunez.es, p\u00f3ngase en contacto con nuestro servicio de Atenci\u00f3n al Cliente enviando un mail a\u00a0pedidos@inunez.es\u00a0En todo caso INU\u00d1EZ se compromete a llevar a cabo todas las actuaciones necesarias para restablecer sus servicios a la mayor brevedad en caso de problemas t\u00e9cnicos.<\/p>\n<p>Los usuarios son \u00edntegramente responsables de su conducta, al acceder a la informaci\u00f3n de la web, mientras naveguen en la misma, as\u00ed como despu\u00e9s de haber accedido. Por lo tanto, los usuarios son los \u00fanicos responsables ante INU\u00d1EZ y terceros de:<\/p>\n<ol>\n<li>Las consecuencias que se puedan derivar de una utilizaci\u00f3n, con fines o efectos il\u00edcitos o contrarios al presente documento, de cualquier contenido de la web, elaborado o no por INU\u00d1EZ, publicado o no bajo su nombre de forma oficial;<\/li>\n<li>As\u00ed como de las consecuencias que se puedan derivar de la utilizaci\u00f3n contraria al contenido del presente documento y lesiva de los intereses o derechos de terceros, o que de cualquier forma pueda da\u00f1ar, inutilizar o deteriorar la web o sus servicios o impedir el normal disfrute por otros usuarios.<\/li>\n<\/ol>\n<p>&nbsp;<\/p>\n<p>INU\u00d1EZ se reserva el derecho a actualizar los contenidos cuando lo estime conveniente, as\u00ed como a eliminarlos, limitarlos o impedir el acceso a ellos, de manera temporal o definitiva, as\u00ed como denegar el acceso a la web a usuarios que hagan un mal uso de los contenidos y\/o incumplan cualquiera de las condiciones que aparecen en el presente documento<\/p>\n<p>INU\u00d1EZ informa que no garantiza:<\/p>\n<ul>\n<li>Que el acceso a la web y\/o a las web de enlace sea ininterrumpido o libre de error.<\/li>\n<li>A pesar de haber tomado todas las medidas necesarias, INU\u00d1EZ no puede asegurar que el contenido o software al que los usuarios accedan a trav\u00e9s de la web o de las web de enlace no contenga error alguno, virus inform\u00e1tico u otros elementos en los contenidos que puedan producir alteraciones en su sistema o en los documentos electr\u00f3nicos y ficheros almacenados en su sistema inform\u00e1tico o cause otro tipo de da\u00f1o.<\/li>\n<li>El aprovechamiento que de la informaci\u00f3n o contenido de esta web o webs de enlace que los usuarios pudieran realizar para sus prop\u00f3sitos personales.<\/li>\n<\/ul>\n<h3><b>USO DE COOKIES<\/b><\/h3>\n<p>La p\u00e1gina web de INU\u00d1EZ no hace uso de cookies durante la navegaci\u00f3n de los clientes y\/o visitantes para la recolecci\u00f3n de informaci\u00f3n de car\u00e1cter personal.<\/p>\n<h3><b><\/b><b><\/b><b>ENLACES CON OTROS SITIOS WEB<\/b><\/h3>\n<p>La tienda online www.inunez.es puede contener hiperv\u00ednculos (conocidos como \u00abenlaces\u00bb o \u00ablinks\u00bb) con otros sitios web que pueden no tener relaci\u00f3n alguna con www.inunez.es ni con INU\u00d1EZ.<\/p>\n<p>El objetivo de dichos enlaces es ayudar al usuario durante sus b\u00fasquedas y su navegaci\u00f3n, as\u00ed como para agilizar la conexi\u00f3n hipertextual a otros sitios web. La activaci\u00f3n de los enlaces no implica ninguna recomendaci\u00f3n o sugerencia de INU\u00d1EZ respecto al acceso a estos sitios web o a la navegaci\u00f3n por sus p\u00e1ginas, ni garant\u00eda alguna acerca de sus contenidos, sus servicios o los bienes que suministren y vendan a los Usuarios de Internet.<\/p>\n<p>INU\u00d1EZ no controla dichos sitios web ni sus contenidos, ni lleva a cabo operaciones para monitorizarlos INU\u00d1EZ no podr\u00e1 ser considerada responsable de los contenidos de estos sitios web ni de las reglas que adopten con respecto a la privacidad del usuario o al tratamiento de sus datos personales mientras navega por ellos.<\/p>\n<p>Las presentes Condiciones de Uso y la pol\u00edtica de privacidad de www.inunez.es no se aplican a los sitios web gestionados por terceras personas distintas de INU\u00d1EZ.<\/p>\n<h3><b><\/b><b><\/b><b>MODIFICACI\u00d3N Y ACTUALIZACI\u00d3N DE CONDICIONES<\/b><\/h3>\n<p>INU\u00d1EZ se reserva el derecho de modificar en cualquier momento las presentes Condiciones de Uso , as\u00ed como la presentaci\u00f3n, configuraci\u00f3n, contenido de la P\u00e1gina Web y las condiciones requeridas para su acceso, utilizaci\u00f3n y\/o prestaci\u00f3n de servicios ofrecidos, as\u00ed como el derecho a eliminarlo, limitarlo o suspenderlo de manera temporal o definitiva, o impedir el acceso al mismo, sin necesidad de comunicarlo previamente al usuario, que en cualquier caso, es el \u00fanico responsable de revisarlas como requisito previo e indispensable a la adquisici\u00f3n de cualquier producto disponible a trav\u00e9s de www.inunez.es. En cualquier caso, el acceso y utilizaci\u00f3n de los contenidos y servicios tras la entrada en vigor de sus modificaciones o los cambios en las condiciones suponen la aceptaci\u00f3n de las mismas. Se considerar\u00e1n como v\u00e1lidas y aplicables las Condiciones de Uso que estuvieran expuestas en la web en el momento que el usuario adquiera los correspondientes productos.<\/p>\n<p>En caso de que cualquier cl\u00e1usula de las presentes Condiciones de Uso sea declarada nula, las dem\u00e1s cl\u00e1usulas seguir\u00e1n vigentes y se interpretar\u00e1n teniendo en cuenta la voluntad de las partes y la finalidad misma de las presentes Condiciones. INU\u00d1EZ podr\u00e1 no ejercitar alguno de los derechos y facultades conferidos en este documento lo que no implicar\u00e1 en ning\u00fan caso la renuncia a los mismos salvo reconocimiento expreso por parte de INU\u00d1EZ prescripci\u00f3n legal de la acci\u00f3n que en cada caso corresponda.<\/p>\n<h3><b><\/b><b><\/b><b>LEGISLACI\u00d3N APLICABLE Y RESOLUCI\u00d3N DE CONFLICTOS<\/b><\/h3>\n<p>Las presentes Condiciones de Uso se rigen por la legislaci\u00f3n espa\u00f1ola aplicable.<\/p>\n<p>Para resolver las posibles controversias o conflictos derivados de las presentes Condiciones de Uso o relacionados con el uso de la p\u00e1gina web www.inunes.es, ser\u00e1n competentes los Juzgados y Tribunales de Madrid capital.<\/p>\n","protected":false},"excerpt":{"rendered":"<p>DATOS DEL SITIO WEB\u00a0www.inunez.es\u00a0Y CONDICI\u00d3N DE USUARIO El presente aviso legal establece las condiciones de uso del sitio web\u00a0www.inunez.es, del que es titular INU\u00d1EZ FASHION DESIGN, S.L. (en adelante, \u201cINU\u00d1EZ\u201d), con CIF B-87115010, cuyos datos son los siguientes: Domicilio: C\/ Gurtubay n\u00ba 6, semis\u00f3tano dcha., 28001-Madrid Tel\u00e9fono: +34 91 449 63 59 Correo electr\u00f3nico\u00a0info@inunez.es Inscrita [&hellip;]<\/p>\n","protected":false},"author":1,"featured_media":0,"parent":0,"menu_order":0,"comment_status":"closed","ping_status":"open","template":"","meta":{"footnotes":""},"class_list":["post-1135","page","type-page","status-publish","hentry"],"_links":{"self":[{"href":"https:\/\/inunez.es\/en\/wp-json\/wp\/v2\/pages\/1135","targetHints":{"allow":["GET"]}}],"collection":[{"href":"https:\/\/inunez.es\/en\/wp-json\/wp\/v2\/pages"}],"about":[{"href":"https:\/\/inunez.es\/en\/wp-json\/wp\/v2\/types\/page"}],"author":[{"embeddable":true,"href":"https:\/\/inunez.es\/en\/wp-json\/wp\/v2\/users\/1"}],"replies":[{"embeddable":true,"href":"https:\/\/inunez.es\/en\/wp-json\/wp\/v2\/comments?post=1135"}],"version-history":[{"count":1,"href":"https:\/\/inunez.es\/en\/wp-json\/wp\/v2\/pages\/1135\/revisions"}],"predecessor-version":[{"id":1136,"href":"https:\/\/inunez.es\/en\/wp-json\/wp\/v2\/pages\/1135\/revisions\/1136"}],"wp:attachment":[{"href":"https:\/\/inunez.es\/en\/wp-json\/wp\/v2\/media?parent=1135"}],"curies":[{"name":"wp","href":"https:\/\/api.w.org\/{rel}","templated":true}]}}